{"id":138,"date":"2026-04-08T22:29:02","date_gmt":"2026-04-08T22:29:02","guid":{"rendered":"https:\/\/lindlisauna.ch\/wordpress\/?page_id=138"},"modified":"2026-04-08T23:00:31","modified_gmt":"2026-04-08T23:00:31","slug":"aufguesse","status":"publish","type":"page","link":"https:\/\/lindlisauna.ch\/index.php\/aufguesse\/","title":{"rendered":"Aufg\u00fcsse"},"content":{"rendered":"\n<p>Tauche ein in die faszinierende Welt unserer Aufg\u00fcsse \u2013 wo W\u00e4rme, D\u00fcfte und Kl\u00e4nge zu einem einzigartigen Wohlf\u00fchlerlebnis verschmelzen. Jeder Aufguss ist ein kleines Ritual, liebevoll gestaltet und mit Leidenschaft zelebriert.<\/p>\n\n\n\n<p>Unsere&nbsp;vielf\u00e4ltigen Aufgusszeremonien&nbsp;reichen von klassischen Aromaaufg\u00fcssen \u00fcber&nbsp;musikalisch begleitete Entspannungsaufg\u00fcsse&nbsp;bis hin zu&nbsp;mystischen R\u00e4ucherzeremonien,&nbsp;meditativen Klangschalenmomenten&nbsp;und&nbsp;traditionellen Banja-Ritualen.<\/p>\n\n\n\n<figure class=\"wp-block-image size-large\"><img loading=\"lazy\" decoding=\"async\" width=\"1024\" height=\"768\" src=\"https:\/\/lindlisauna.ch\/wp-content\/uploads\/2026\/04\/Aufguss_Anna-1024x768.jpg\" alt=\"\" class=\"wp-image-143\" srcset=\"https:\/\/lindlisauna.ch\/wp-content\/uploads\/2026\/04\/Aufguss_Anna-1024x768.jpg 1024w, https:\/\/lindlisauna.ch\/wp-content\/uploads\/2026\/04\/Aufguss_Anna-300x225.jpg 300w, https:\/\/lindlisauna.ch\/wp-content\/uploads\/2026\/04\/Aufguss_Anna-768x576.jpg 768w, https:\/\/lindlisauna.ch\/wp-content\/uploads\/2026\/04\/Aufguss_Anna-1536x1152.jpg 1536w, https:\/\/lindlisauna.ch\/wp-content\/uploads\/2026\/04\/Aufguss_Anna-2048x1536.jpg 2048w\" sizes=\"auto, (max-width: 706px) 89vw, (max-width: 767px) 82vw, 740px\" \/><figcaption class=\"wp-element-caption\">Anna hat die Aufguss-Kugeln bereit (Bild in Rhysauna, Wintersaison 2025\/26)<\/figcaption><\/figure>\n\n\n\n<p>Lass dich von sanften Kl\u00e4ngen, feinen D\u00fcften und der besonderen Atmosph\u00e4re tragen \u2013 und sp\u00fcre, wie sich mit jedem Aufguss neue Energie und tiefe Entspannung entfalten.<\/p>\n\n\n\n<p>Besonders stolz sind wir auf unsere&nbsp;kreativen und experimentierfreudigen Aufgiesserinnen und Aufgiesser. Mit Herzblut und Fantasie gestalten sie jede Zeremonie neu \u2013 immer mit dem Ziel, dir ein unvergleichliches Saunaerlebnis zu schenken. Alle unsere Freiwilligen sind&nbsp;fachm\u00e4nnisch geschult&nbsp;und verstehen es, mit Leidenschaft, Sicherheit und Gesp\u00fcr die perfekte Balance zwischen Hitze, Duft und Gef\u00fchl zu schaffen.<\/p>\n\n\n\n<p>Unsere Aufgiesser arbeiten&nbsp;ehrenamtlich&nbsp;\u2013 das heisst: Die Aufg\u00fcsse finden&nbsp;zu festen Zeiten, statt. Dennoch kann es vorkommen, dass zu einer bestimmten Zeit&nbsp;kein Aufguss durchgef\u00fchrt wird, wenn gerade kein Aufgiesser anwesend ist. Wenn du wissen m\u00f6chtest,&nbsp;welche Aufg\u00fcsse aktuell geplant sind, schau einfach auf unsere&nbsp;Aufgusstafel. Dort findest du alle aktuell geplanten Zeiten f\u00fcr Themenaufg\u00fcsse und spontane Highlights.<\/p>\n\n\n\n<figure class=\"wp-block-image size-large\"><img loading=\"lazy\" decoding=\"async\" width=\"768\" height=\"1024\" src=\"https:\/\/lindlisauna.ch\/wp-content\/uploads\/2026\/04\/Aufguss-Tafel-768x1024.jpg\" alt=\"\" class=\"wp-image-141\" srcset=\"https:\/\/lindlisauna.ch\/wp-content\/uploads\/2026\/04\/Aufguss-Tafel-768x1024.jpg 768w, https:\/\/lindlisauna.ch\/wp-content\/uploads\/2026\/04\/Aufguss-Tafel-225x300.jpg 225w, https:\/\/lindlisauna.ch\/wp-content\/uploads\/2026\/04\/Aufguss-Tafel-1152x1536.jpg 1152w, https:\/\/lindlisauna.ch\/wp-content\/uploads\/2026\/04\/Aufguss-Tafel-1536x2048.jpg 1536w, https:\/\/lindlisauna.ch\/wp-content\/uploads\/2026\/04\/Aufguss-Tafel-scaled.jpg 1920w\" sizes=\"auto, (max-width: 706px) 89vw, (max-width: 767px) 82vw, 740px\" \/><figcaption class=\"wp-element-caption\">Aufgusstafel, wie wir sie aus der Rhysauna bereits kennen.<\/figcaption><\/figure>\n","protected":false},"excerpt":{"rendered":"<p>Tauche ein in die faszinierende Welt unserer Aufg\u00fcsse \u2013 wo W\u00e4rme, D\u00fcfte und Kl\u00e4nge zu einem einzigartigen Wohlf\u00fchlerlebnis verschmelzen. Jeder Aufguss ist ein kleines Ritual, liebevoll gestaltet und mit Leidenschaft zelebriert. Unsere&nbsp;vielf\u00e4ltigen Aufgusszeremonien&nbsp;reichen von klassischen Aromaaufg\u00fcssen \u00fcber&nbsp;musikalisch begleitete Entspannungsaufg\u00fcsse&nbsp;bis hin zu&nbsp;mystischen R\u00e4ucherzeremonien,&nbsp;meditativen Klangschalenmomenten&nbsp;und&nbsp;traditionellen Banja-Ritualen. Lass dich von sanften Kl\u00e4ngen, feinen D\u00fcften und der besonderen Atmosph\u00e4re &hellip; <\/p>\n<p class=\"link-more\"><a href=\"https:\/\/lindlisauna.ch\/index.php\/aufguesse\/\" class=\"more-link\"><span class=\"screen-reader-text\">\u201eAufg\u00fcsse\u201c <\/span>weiterlesen<\/a><\/p>\n","protected":false},"author":1,"featured_media":0,"parent":0,"menu_order":0,"comment_status":"closed","ping_status":"closed","template":"","meta":{"footnotes":""},"class_list":["post-138","page","type-page","status-publish","hentry"],"_links":{"self":[{"href":"https:\/\/lindlisauna.ch\/index.php\/wp-json\/wp\/v2\/pages\/138","targetHints":{"allow":["GET"]}}],"collection":[{"href":"https:\/\/lindlisauna.ch\/index.php\/wp-json\/wp\/v2\/pages"}],"about":[{"href":"https:\/\/lindlisauna.ch\/index.php\/wp-json\/wp\/v2\/types\/page"}],"author":[{"embeddable":true,"href":"https:\/\/lindlisauna.ch\/index.php\/wp-json\/wp\/v2\/users\/1"}],"replies":[{"embeddable":true,"href":"https:\/\/lindlisauna.ch\/index.php\/wp-json\/wp\/v2\/comments?post=138"}],"version-history":[{"count":3,"href":"https:\/\/lindlisauna.ch\/index.php\/wp-json\/wp\/v2\/pages\/138\/revisions"}],"predecessor-version":[{"id":145,"href":"https:\/\/lindlisauna.ch\/index.php\/wp-json\/wp\/v2\/pages\/138\/revisions\/145"}],"wp:attachment":[{"href":"https:\/\/lindlisauna.ch\/index.php\/wp-json\/wp\/v2\/media?parent=138"}],"curies":[{"name":"wp","href":"https:\/\/api.w.org\/{rel}","templated":true}]}}