{"id":18,"date":"2026-04-06T15:59:02","date_gmt":"2026-04-06T15:59:02","guid":{"rendered":"https:\/\/lindlisauna.ch\/wordpress\/?page_id=18"},"modified":"2026-04-11T23:36:12","modified_gmt":"2026-04-11T23:36:12","slug":"willkommen","status":"publish","type":"page","link":"https:\/\/lindlisauna.ch\/","title":{"rendered":"Willkommen"},"content":{"rendered":"\n<h1 class=\"wp-block-heading\">Lindlisauna \u2013 Saunieren am sch\u00f6nen Schaffhauser Rheinufer!<\/h1>\n\n\n\n<p>Auf dem ehemaligen Gaswerk-Areal in Schaffhausen entsteht ein neues, naturnahes Wellnessangebot. Die feierliche Er\u00f6ffnung findet findet am 30. April 2026 statt.&nbsp;<\/p>\n\n\n\n<p>Aktuell wird die Lindlisauna mit viel ehrenamtlichem Engagement und Leidenschaft von freiwilligen Vereinsmitgliedern aufgebaut. <\/p>\n\n\n\n<figure class=\"wp-block-embed is-type-video is-provider-youtube wp-block-embed-youtube wp-embed-aspect-16-9 wp-has-aspect-ratio\"><div class=\"wp-block-embed__wrapper\">\n<iframe loading=\"lazy\" title=\"Aufbau Saunajurte 2.\/3. April 2026 in der Lindlisauna\" width=\"525\" height=\"295\" src=\"https:\/\/www.youtube.com\/embed\/6_SNFHuOdnM?feature=oembed\" frameborder=\"0\" allow=\"accelerometer; autoplay; clipboard-write; encrypted-media; gyroscope; picture-in-picture; web-share\" referrerpolicy=\"strict-origin-when-cross-origin\" allowfullscreen><\/iframe>\n<\/div><figcaption class=\"wp-element-caption\">Aufbau der Saunajurte in der Lindlisauna am 2.\/3. April 2026 durch unsere Vereinsmitglieder<\/figcaption><\/figure>\n\n\n\n<p>Geplant ist ein ganzj\u00e4hriger, \u00f6ffentlicher Wellnessbetrieb mit extern zug\u00e4nglicher Gastronomie. Im Sommer wird die Anlage mit einer gem\u00fctlichen Gartenbeiz und einem Badepool erweitert.<\/p>\n\n\n\n<p>Tr\u00e4gerin ist der neu f\u00fcr diesen Zweck gegr\u00fcndete \u00abLindlisauna\u00bb-Verein. Der Verein hat sich im Rahmen der Zwischennutzung um eine Teilfl\u00e4che des Gaswerkareals (ehemalige Direktorenvilla mit Gartenanlage) beworben und den Zuschlag von der Jury erhalten. Der Mietvertrag mit der Stadt ist unterzeichnet und die Baubewilligung rechtsg\u00fcltig.<\/p>\n\n\n\n<p>Der \u00abLindlisauna\u00bb-Verein ging aus dem 2019 gegr\u00fcndeten Schwesterverein \u00abRhySauna\u00bb hervor. Der Rhysauna-Verein betreibt die Wintersauna in der Rhybadi und z\u00e4hlt bereits \u00fcber 300 Mitglieder. Das Gaswerkareal ist eine einmalige Chance, den sehr gut laufenden Winterbetrieb in der Rhybadi (Kapazit\u00e4tsgrenze erreicht), um einem ganzj\u00e4hrig betreibbaren Zweitstandort zu erweitern.<\/p>\n","protected":false},"excerpt":{"rendered":"<p>Lindlisauna \u2013 Saunieren am sch\u00f6nen Schaffhauser Rheinufer! Auf dem ehemaligen Gaswerk-Areal in Schaffhausen entsteht ein neues, naturnahes Wellnessangebot. Die feierliche Er\u00f6ffnung findet findet am 30. April 2026 statt.&nbsp; Aktuell wird die Lindlisauna mit viel ehrenamtlichem Engagement und Leidenschaft von freiwilligen Vereinsmitgliedern aufgebaut. Geplant ist ein ganzj\u00e4hriger, \u00f6ffentlicher Wellnessbetrieb mit extern zug\u00e4nglicher Gastronomie. Im Sommer wird &hellip; <\/p>\n<p class=\"link-more\"><a href=\"https:\/\/lindlisauna.ch\/\" class=\"more-link\"><span class=\"screen-reader-text\">\u201eWillkommen\u201c <\/span>weiterlesen<\/a><\/p>\n","protected":false},"author":1,"featured_media":0,"parent":0,"menu_order":0,"comment_status":"closed","ping_status":"closed","template":"","meta":{"footnotes":""},"class_list":["post-18","page","type-page","status-publish","hentry"],"_links":{"self":[{"href":"https:\/\/lindlisauna.ch\/index.php\/wp-json\/wp\/v2\/pages\/18","targetHints":{"allow":["GET"]}}],"collection":[{"href":"https:\/\/lindlisauna.ch\/index.php\/wp-json\/wp\/v2\/pages"}],"about":[{"href":"https:\/\/lindlisauna.ch\/index.php\/wp-json\/wp\/v2\/types\/page"}],"author":[{"embeddable":true,"href":"https:\/\/lindlisauna.ch\/index.php\/wp-json\/wp\/v2\/users\/1"}],"replies":[{"embeddable":true,"href":"https:\/\/lindlisauna.ch\/index.php\/wp-json\/wp\/v2\/comments?post=18"}],"version-history":[{"count":6,"href":"https:\/\/lindlisauna.ch\/index.php\/wp-json\/wp\/v2\/pages\/18\/revisions"}],"predecessor-version":[{"id":277,"href":"https:\/\/lindlisauna.ch\/index.php\/wp-json\/wp\/v2\/pages\/18\/revisions\/277"}],"wp:attachment":[{"href":"https:\/\/lindlisauna.ch\/index.php\/wp-json\/wp\/v2\/media?parent=18"}],"curies":[{"name":"wp","href":"https:\/\/api.w.org\/{rel}","templated":true}]}}