{"id":184,"date":"2026-04-08T23:46:49","date_gmt":"2026-04-08T23:46:49","guid":{"rendered":"https:\/\/lindlisauna.ch\/wordpress\/?page_id=184"},"modified":"2026-04-08T23:50:23","modified_gmt":"2026-04-08T23:50:23","slug":"so-geht-saunieren-bei-uns","status":"publish","type":"page","link":"https:\/\/lindlisauna.ch\/index.php\/so-geht-saunieren-bei-uns\/","title":{"rendered":"So geht Saunieren (bei uns)"},"content":{"rendered":"\n<p>Die Sauna ist ein Ort der Transformation. Du kommst nie aus einer heraus ohne zumindest eine kleine Ver\u00e4nderung. Es ist ein Ort der Reinheit, der Gleichheit, ein Ort der Menschen zusammenbringt, Verbindungen schafft f\u00fcr tiefgr\u00fcndige Gespr\u00e4che und Gemeinschaft.<\/p>\n\n\n\n<p>Wir heizen die Sauna an f\u00fcr Leute, die uns wichtig sind und uns am Herzen liegen.<\/p>\n\n\n\n<figure class=\"wp-block-image size-large\"><img loading=\"lazy\" decoding=\"async\" width=\"2560\" height=\"1440\" src=\"https:\/\/lindlisauna.ch\/wp-content\/uploads\/2026\/04\/Moehl_im_Pool-edited-scaled.jpg\" alt=\"\" class=\"wp-image-188\" srcset=\"https:\/\/lindlisauna.ch\/wp-content\/uploads\/2026\/04\/Moehl_im_Pool-edited-scaled.jpg 2560w, https:\/\/lindlisauna.ch\/wp-content\/uploads\/2026\/04\/Moehl_im_Pool-edited-300x169.jpg 300w, https:\/\/lindlisauna.ch\/wp-content\/uploads\/2026\/04\/Moehl_im_Pool-edited-1024x576.jpg 1024w, https:\/\/lindlisauna.ch\/wp-content\/uploads\/2026\/04\/Moehl_im_Pool-edited-768x432.jpg 768w, https:\/\/lindlisauna.ch\/wp-content\/uploads\/2026\/04\/Moehl_im_Pool-edited-1536x864.jpg 1536w, https:\/\/lindlisauna.ch\/wp-content\/uploads\/2026\/04\/Moehl_im_Pool-edited-2048x1152.jpg 2048w\" sizes=\"auto, (max-width: 706px) 89vw, (max-width: 767px) 82vw, 740px\" \/><figcaption class=\"wp-element-caption\">Entspannt: Unser Martin, bekannt auch f\u00fcr seine Klangschalenaufg\u00fcsse!<\/figcaption><\/figure>\n\n\n\n<h2 class=\"wp-block-heading\">Was muss ich mitbringen?<\/h2>\n\n\n\n<p>Bring bitte folgendes f\u00fcr deinen Saunabesuch mit:<br>&#8211; 1 grosses Handtuch (zum Draufsitzen)<br>&#8211; 1 zus\u00e4tzliches Handtuch zum Duschen<br>&#8211; Bademantel<br>&#8211; Badeschuhe<br>&#8211; Shampoo\/Duschgel<br>&#8211; gen\u00fcgend Zeit<\/p>\n\n\n\n<h2 class=\"wp-block-heading\">Gespr\u00e4che sind bei uns erlaubt!<\/h2>\n\n\n\n<p>Bitte beachte, dass wir dem finnischen Konzept folgen: Bei uns sind Gespr\u00e4che und Getr\u00e4nke in der Sauna willkommen.<\/p>\n\n\n\n<h2 class=\"wp-block-heading\">Allgemeine Informationen<\/h2>\n\n\n\n<p>Unsere Jurten sind textilfrei (oder du wickelst dich in ein zus\u00e4tzliches T\u00fcechli). Im Bistro, dem Gastrobereich im Saunagarten und der Ruhejurte bitten wir unsere G\u00e4ste, einen Bademantel zu tragen.<\/p>\n\n\n\n<p>F\u00fcr deine Erholung und die der anderen: Bitte lass dein Handy in der Garderobe.<\/p>\n\n\n\n<h2 class=\"wp-block-heading\">So sauniert man\/frau richtig.<\/h2>\n\n\n\n<p>Ein Saunagang dauert bis zu 15 Minuten. Anschliessend zuerst an der frischen Luft, dann im Wasser abk\u00fchlen. So werden die geweiteten Blutgef\u00e4sse wieder verengt. Vor dem n\u00e4chsten Saunagang eine Ruhepause einlegen, welche mindestens so lange dauern sollte wie der letzte Saunagang, besser l\u00e4nger. Das wiederholt man 2-3 mal.<\/p>\n\n\n\n<h2 class=\"wp-block-heading\">Ist Saunieren gesund?<\/h2>\n\n\n\n<p>Ja, Saunieren ist gesund und st\u00e4rkt das Immunsystem.<\/p>\n","protected":false},"excerpt":{"rendered":"<p>Die Sauna ist ein Ort der Transformation. Du kommst nie aus einer heraus ohne zumindest eine kleine Ver\u00e4nderung. Es ist ein Ort der Reinheit, der Gleichheit, ein Ort der Menschen zusammenbringt, Verbindungen schafft f\u00fcr tiefgr\u00fcndige Gespr\u00e4che und Gemeinschaft. Wir heizen die Sauna an f\u00fcr Leute, die uns wichtig sind und uns am Herzen liegen. Was &hellip; <\/p>\n<p class=\"link-more\"><a href=\"https:\/\/lindlisauna.ch\/index.php\/so-geht-saunieren-bei-uns\/\" class=\"more-link\"><span class=\"screen-reader-text\">\u201eSo geht Saunieren (bei uns)\u201c <\/span>weiterlesen<\/a><\/p>\n","protected":false},"author":1,"featured_media":0,"parent":0,"menu_order":0,"comment_status":"closed","ping_status":"closed","template":"","meta":{"footnotes":""},"class_list":["post-184","page","type-page","status-publish","hentry"],"_links":{"self":[{"href":"https:\/\/lindlisauna.ch\/index.php\/wp-json\/wp\/v2\/pages\/184","targetHints":{"allow":["GET"]}}],"collection":[{"href":"https:\/\/lindlisauna.ch\/index.php\/wp-json\/wp\/v2\/pages"}],"about":[{"href":"https:\/\/lindlisauna.ch\/index.php\/wp-json\/wp\/v2\/types\/page"}],"author":[{"embeddable":true,"href":"https:\/\/lindlisauna.ch\/index.php\/wp-json\/wp\/v2\/users\/1"}],"replies":[{"embeddable":true,"href":"https:\/\/lindlisauna.ch\/index.php\/wp-json\/wp\/v2\/comments?post=184"}],"version-history":[{"count":3,"href":"https:\/\/lindlisauna.ch\/index.php\/wp-json\/wp\/v2\/pages\/184\/revisions"}],"predecessor-version":[{"id":191,"href":"https:\/\/lindlisauna.ch\/index.php\/wp-json\/wp\/v2\/pages\/184\/revisions\/191"}],"wp:attachment":[{"href":"https:\/\/lindlisauna.ch\/index.php\/wp-json\/wp\/v2\/media?parent=184"}],"curies":[{"name":"wp","href":"https:\/\/api.w.org\/{rel}","templated":true}]}}