{"id":21,"date":"2026-04-06T16:01:27","date_gmt":"2026-04-06T16:01:27","guid":{"rendered":"https:\/\/lindlisauna.ch\/wordpress\/?page_id=21"},"modified":"2026-04-09T21:58:55","modified_gmt":"2026-04-09T21:58:55","slug":"angebot","status":"publish","type":"page","link":"https:\/\/lindlisauna.ch\/index.php\/angebot\/","title":{"rendered":"Angebot"},"content":{"rendered":"\n<h2 class=\"wp-block-heading\">Saunen<\/h2>\n\n\n\n<p>Die Lindlisauna bietet nicht weniger als acht abwechslungsreiche Saunen \u2013 jede mit ihrem eigenen Charakter: Von der grossen Aufguss-Jurte bis hin zum gem\u00fctlichen Saunag\u00f6ndeli ist alles dabei.<\/p>\n\n\n\n<figure class=\"wp-block-image size-large\"><img loading=\"lazy\" decoding=\"async\" width=\"1024\" height=\"683\" src=\"https:\/\/lindlisauna.ch\/wp-content\/uploads\/2026\/04\/Bild_Saunagondel_SM25-1024x683.jpg\" alt=\"\" class=\"wp-image-120\" srcset=\"https:\/\/lindlisauna.ch\/wp-content\/uploads\/2026\/04\/Bild_Saunagondel_SM25-1024x683.jpg 1024w, https:\/\/lindlisauna.ch\/wp-content\/uploads\/2026\/04\/Bild_Saunagondel_SM25-300x200.jpg 300w, https:\/\/lindlisauna.ch\/wp-content\/uploads\/2026\/04\/Bild_Saunagondel_SM25-768x512.jpg 768w, https:\/\/lindlisauna.ch\/wp-content\/uploads\/2026\/04\/Bild_Saunagondel_SM25-1536x1024.jpg 1536w, https:\/\/lindlisauna.ch\/wp-content\/uploads\/2026\/04\/Bild_Saunagondel_SM25.jpg 1800w\" sizes=\"auto, (max-width: 706px) 89vw, (max-width: 767px) 82vw, 740px\" \/><\/figure>\n\n\n\n<div class=\"wp-block-buttons is-layout-flex wp-block-buttons-is-layout-flex\">\n<div class=\"wp-block-button is-style-outline is-style-outline--1\"><a class=\"wp-block-button__link has-black-color has-text-color has-link-color has-small-font-size has-custom-font-size wp-element-button\" href=\"https:\/\/lindlisauna.ch\/index.php\/saunadoerfli\/\" style=\"border-top-left-radius:15px;border-top-right-radius:15px;border-bottom-left-radius:15px;border-bottom-right-radius:15px\">Mehr erfahren<\/a><\/div>\n<\/div>\n\n\n\n<h2 class=\"wp-block-heading\">Aufg\u00fcsse<\/h2>\n\n\n\n<p>Ein echtes Erlebnis sind unsere von ehrenamtlichen Saunameistern mit viel Leidenschaft zelebrierten Aufg\u00fcsse.<\/p>\n\n\n\n<figure class=\"wp-block-image size-large\"><img loading=\"lazy\" decoding=\"async\" width=\"1024\" height=\"768\" src=\"https:\/\/lindlisauna.ch\/wp-content\/uploads\/2026\/04\/Saunajurte_farbig-1024x768.jpg\" alt=\"\" class=\"wp-image-123\" srcset=\"https:\/\/lindlisauna.ch\/wp-content\/uploads\/2026\/04\/Saunajurte_farbig-1024x768.jpg 1024w, https:\/\/lindlisauna.ch\/wp-content\/uploads\/2026\/04\/Saunajurte_farbig-300x225.jpg 300w, https:\/\/lindlisauna.ch\/wp-content\/uploads\/2026\/04\/Saunajurte_farbig-768x576.jpg 768w, https:\/\/lindlisauna.ch\/wp-content\/uploads\/2026\/04\/Saunajurte_farbig-1536x1152.jpg 1536w, https:\/\/lindlisauna.ch\/wp-content\/uploads\/2026\/04\/Saunajurte_farbig-2048x1536.jpg 2048w\" sizes=\"auto, (max-width: 706px) 89vw, (max-width: 767px) 82vw, 740px\" \/><\/figure>\n\n\n\n<div class=\"wp-block-buttons is-layout-flex wp-block-buttons-is-layout-flex\">\n<div class=\"wp-block-button is-style-outline is-style-outline--2\"><a class=\"wp-block-button__link wp-element-button\" href=\"https:\/\/lindlisauna.ch\/index.php\/aufguesse\/\" style=\"border-top-left-radius:15px;border-top-right-radius:15px;border-bottom-left-radius:15px;border-bottom-right-radius:15px\">Mehr erfahren<\/a><\/div>\n<\/div>\n\n\n\n<h2 class=\"wp-block-heading\">Pools<\/h2>\n\n\n\n<p>Es gibt nichts gem\u00fctlicheres als ein wohlig warmer Holzbottich. Und wer sich abk\u00fchlen m\u00f6chte, auf den wartet der Rhein oder unser K\u00fchlbecken.<\/p>\n\n\n\n<figure class=\"wp-block-image size-large\"><img loading=\"lazy\" decoding=\"async\" width=\"1024\" height=\"768\" src=\"https:\/\/lindlisauna.ch\/wp-content\/uploads\/2026\/04\/Bottich_am_SM2-1024x768.jpg\" alt=\"\" class=\"wp-image-177\" srcset=\"https:\/\/lindlisauna.ch\/wp-content\/uploads\/2026\/04\/Bottich_am_SM2-1024x768.jpg 1024w, https:\/\/lindlisauna.ch\/wp-content\/uploads\/2026\/04\/Bottich_am_SM2-300x225.jpg 300w, https:\/\/lindlisauna.ch\/wp-content\/uploads\/2026\/04\/Bottich_am_SM2-768x576.jpg 768w, https:\/\/lindlisauna.ch\/wp-content\/uploads\/2026\/04\/Bottich_am_SM2-1536x1152.jpg 1536w, https:\/\/lindlisauna.ch\/wp-content\/uploads\/2026\/04\/Bottich_am_SM2-2048x1536.jpg 2048w\" sizes=\"auto, (max-width: 706px) 89vw, (max-width: 767px) 82vw, 740px\" \/><\/figure>\n\n\n\n<div class=\"wp-block-buttons is-layout-flex wp-block-buttons-is-layout-flex\">\n<div class=\"wp-block-button is-style-outline is-style-outline--3\"><a class=\"wp-block-button__link wp-element-button\" href=\"https:\/\/lindlisauna.ch\/index.php\/warm-und-kaltwasserpools\/\" style=\"border-top-left-radius:15px;border-top-right-radius:15px;border-bottom-left-radius:15px;border-bottom-right-radius:15px\">Mehr erfahren<\/a><\/div>\n<\/div>\n\n\n\n<h2 class=\"wp-block-heading\">Saunagarten<\/h2>\n\n\n\n<p>Perfekt zum Erholen, die Natur geniessen oder ein k\u00fchles Bier zu geniessen: Unser Saunagarten!<\/p>\n\n\n\n<div class=\"wp-block-buttons is-layout-flex wp-block-buttons-is-layout-flex\">\n<div class=\"wp-block-button is-style-outline is-style-outline--4\"><a class=\"wp-block-button__link wp-element-button\" href=\"https:\/\/lindlisauna.ch\/index.php\/saunagarten\/\" style=\"border-top-left-radius:15px;border-top-right-radius:15px;border-bottom-left-radius:15px;border-bottom-right-radius:15px\">Mehr erfahren<\/a><\/div>\n<\/div>\n\n\n\n<h2 class=\"wp-block-heading\">Essen und Getr\u00e4nke<\/h2>\n\n\n\n<p>Die Lindlisauna ist auch eine Beiz. Ob ein frisch gezapftes Bier, eine Wurst oder ein feines Glac\u00e9: Bei uns bleiben keine W\u00fcnsche offen.<\/p>\n\n\n\n<div class=\"wp-block-buttons is-layout-flex wp-block-buttons-is-layout-flex\">\n<div class=\"wp-block-button is-style-outline is-style-outline--5\"><a class=\"wp-block-button__link wp-element-button\" href=\"https:\/\/lindlisauna.ch\/index.php\/gastronomie\/\" style=\"border-top-left-radius:15px;border-top-right-radius:15px;border-bottom-left-radius:15px;border-bottom-right-radius:15px\">Mehr erfahren<\/a><\/div>\n<\/div>\n","protected":false},"excerpt":{"rendered":"<p>Saunen Die Lindlisauna bietet nicht weniger als acht abwechslungsreiche Saunen \u2013 jede mit ihrem eigenen Charakter: Von der grossen Aufguss-Jurte bis hin zum gem\u00fctlichen Saunag\u00f6ndeli ist alles dabei. Aufg\u00fcsse Ein echtes Erlebnis sind unsere von ehrenamtlichen Saunameistern mit viel Leidenschaft zelebrierten Aufg\u00fcsse. Pools Es gibt nichts gem\u00fctlicheres als ein wohlig warmer Holzbottich. Und wer sich &hellip; <\/p>\n<p class=\"link-more\"><a href=\"https:\/\/lindlisauna.ch\/index.php\/angebot\/\" class=\"more-link\"><span class=\"screen-reader-text\">\u201eAngebot\u201c <\/span>weiterlesen<\/a><\/p>\n","protected":false},"author":1,"featured_media":0,"parent":0,"menu_order":0,"comment_status":"closed","ping_status":"closed","template":"","meta":{"footnotes":""},"class_list":["post-21","page","type-page","status-publish","hentry"],"_links":{"self":[{"href":"https:\/\/lindlisauna.ch\/index.php\/wp-json\/wp\/v2\/pages\/21","targetHints":{"allow":["GET"]}}],"collection":[{"href":"https:\/\/lindlisauna.ch\/index.php\/wp-json\/wp\/v2\/pages"}],"about":[{"href":"https:\/\/lindlisauna.ch\/index.php\/wp-json\/wp\/v2\/types\/page"}],"author":[{"embeddable":true,"href":"https:\/\/lindlisauna.ch\/index.php\/wp-json\/wp\/v2\/users\/1"}],"replies":[{"embeddable":true,"href":"https:\/\/lindlisauna.ch\/index.php\/wp-json\/wp\/v2\/comments?post=21"}],"version-history":[{"count":14,"href":"https:\/\/lindlisauna.ch\/index.php\/wp-json\/wp\/v2\/pages\/21\/revisions"}],"predecessor-version":[{"id":220,"href":"https:\/\/lindlisauna.ch\/index.php\/wp-json\/wp\/v2\/pages\/21\/revisions\/220"}],"wp:attachment":[{"href":"https:\/\/lindlisauna.ch\/index.php\/wp-json\/wp\/v2\/media?parent=21"}],"curies":[{"name":"wp","href":"https:\/\/api.w.org\/{rel}","templated":true}]}}