{"id":23,"date":"2026-04-06T16:01:44","date_gmt":"2026-04-06T16:01:44","guid":{"rendered":"https:\/\/lindlisauna.ch\/wordpress\/?page_id=23"},"modified":"2026-04-09T23:30:26","modified_gmt":"2026-04-09T23:30:26","slug":"ueber-unseren-verein","status":"publish","type":"page","link":"https:\/\/lindlisauna.ch\/index.php\/ueber-unseren-verein\/","title":{"rendered":"\u00dcber uns"},"content":{"rendered":"\n<p>Lerne unseren Verein und Partner kennen, erfahre praktische Infos und werde Mitglied bei uns.<\/p>\n\n\n\n<h2 class=\"wp-block-heading\">Der Verein Lindlisauna<\/h2>\n\n\n\n<p style=\"line-height:1.5\">Der Verein Lindlisauna wurde 2025 im Hinblick auf die Zwischennutzungs-Bewerbung gegr\u00fcndet. Doch die Schaffhauser Saunageschichte ist viel l\u00e4nger.<\/p>\n\n\n\n<div class=\"wp-block-buttons is-horizontal is-layout-flex wp-container-core-buttons-is-layout-018f0379 wp-block-buttons-is-layout-flex\" style=\"line-height:1;text-transform:none\">\n<div class=\"wp-block-button is-style-outline is-style-outline--1\"><a class=\"wp-block-button__link has-text-align-left wp-element-button\" href=\"https:\/\/lindlisauna.ch\/index.php\/verein\/\" style=\"border-top-left-radius:15px;border-top-right-radius:15px;border-bottom-left-radius:15px;border-bottom-right-radius:15px\">Mehr erfahren<\/a><\/div>\n<\/div>\n\n\n\n<h2 class=\"wp-block-heading\">&nbsp;Mitglied werden<\/h2>\n\n\n\n<p>M\u00f6chtest Du unseren Verein unterst\u00fctzen und von vielen Vorteilen profitieren? Dann werden Mitglied bei uns.<\/p>\n\n\n\n<div class=\"wp-block-buttons is-layout-flex wp-block-buttons-is-layout-flex\">\n<div class=\"wp-block-button is-style-outline is-style-outline--2\"><a class=\"wp-block-button__link wp-element-button\" href=\"https:\/\/lindlisauna.ch\/index.php\/mitglied-werden\/\" style=\"border-top-left-radius:15px;border-top-right-radius:15px;border-bottom-left-radius:15px;border-bottom-right-radius:15px\">Mitglied werden<\/a><\/div>\n<\/div>\n\n\n\n<h2 class=\"wp-block-heading\">Partner<\/h2>\n\n\n\n<p>Ohne unsere zahlreichen Partner w\u00e4re die Lindlisauna nicht m\u00f6glich.<\/p>\n\n\n\n<div class=\"wp-block-buttons is-layout-flex wp-block-buttons-is-layout-flex\">\n<div class=\"wp-block-button is-style-outline is-style-outline--3\"><a class=\"wp-block-button__link wp-element-button\" href=\"https:\/\/lindlisauna.ch\/index.php\/partner\/\" style=\"border-top-left-radius:15px;border-top-right-radius:15px;border-bottom-left-radius:15px;border-bottom-right-radius:15px\">Partner ansehen<\/a><\/div>\n<\/div>\n","protected":false},"excerpt":{"rendered":"<p>Lerne unseren Verein und Partner kennen, erfahre praktische Infos und werde Mitglied bei uns. Der Verein Lindlisauna Der Verein Lindlisauna wurde 2025 im Hinblick auf die Zwischennutzungs-Bewerbung gegr\u00fcndet. Doch die Schaffhauser Saunageschichte ist viel l\u00e4nger. &nbsp;Mitglied werden M\u00f6chtest Du unseren Verein unterst\u00fctzen und von vielen Vorteilen profitieren? Dann werden Mitglied bei uns. Partner Ohne unsere &hellip; <\/p>\n<p class=\"link-more\"><a href=\"https:\/\/lindlisauna.ch\/index.php\/ueber-unseren-verein\/\" class=\"more-link\"><span class=\"screen-reader-text\">\u201e\u00dcber uns\u201c <\/span>weiterlesen<\/a><\/p>\n","protected":false},"author":1,"featured_media":0,"parent":0,"menu_order":0,"comment_status":"closed","ping_status":"closed","template":"","meta":{"footnotes":""},"class_list":["post-23","page","type-page","status-publish","hentry"],"_links":{"self":[{"href":"https:\/\/lindlisauna.ch\/index.php\/wp-json\/wp\/v2\/pages\/23","targetHints":{"allow":["GET"]}}],"collection":[{"href":"https:\/\/lindlisauna.ch\/index.php\/wp-json\/wp\/v2\/pages"}],"about":[{"href":"https:\/\/lindlisauna.ch\/index.php\/wp-json\/wp\/v2\/types\/page"}],"author":[{"embeddable":true,"href":"https:\/\/lindlisauna.ch\/index.php\/wp-json\/wp\/v2\/users\/1"}],"replies":[{"embeddable":true,"href":"https:\/\/lindlisauna.ch\/index.php\/wp-json\/wp\/v2\/comments?post=23"}],"version-history":[{"count":16,"href":"https:\/\/lindlisauna.ch\/index.php\/wp-json\/wp\/v2\/pages\/23\/revisions"}],"predecessor-version":[{"id":263,"href":"https:\/\/lindlisauna.ch\/index.php\/wp-json\/wp\/v2\/pages\/23\/revisions\/263"}],"wp:attachment":[{"href":"https:\/\/lindlisauna.ch\/index.php\/wp-json\/wp\/v2\/media?parent=23"}],"curies":[{"name":"wp","href":"https:\/\/api.w.org\/{rel}","templated":true}]}}