{"id":53,"date":"2026-04-07T21:09:59","date_gmt":"2026-04-07T21:09:59","guid":{"rendered":"https:\/\/lindlisauna.ch\/wordpress\/?page_id=53"},"modified":"2026-04-11T23:42:12","modified_gmt":"2026-04-11T23:42:12","slug":"verein","status":"publish","type":"page","link":"https:\/\/lindlisauna.ch\/index.php\/verein\/","title":{"rendered":"Saunaverein"},"content":{"rendered":"\n<h2 class=\"wp-block-heading\">Verein Lindlisauna<\/h2>\n\n\n\n<p>Der \u00abLindlisauna-Verein\u00bb wurde im Hinblick auf die Bewerbung f\u00fcr die Zwischennutzung auf dem Gaswerkareal am 8. Juli 2025 gegr\u00fcndet. Er hat den Sitz in Schaffhausen. Heute z\u00e4hlt der Verein bereits \u00fcber 50 Mitglieder.<\/p>\n\n\n\n<p>Der Lindlisauna-Verein hat mit der Stadt den Mietvertrag unterzeichnet und ein Baugesuch erarbeitet. Die Baubewilligung wurde Ende Februar 2026 rechtsg\u00fcltig erteilt. F\u00fcr den Aufbau und den Betrieb arbeitet der Lindlisauna-Verein mit dem Rhysauna-Verein zusammen.<\/p>\n\n\n\n<figure class=\"wp-block-image size-full\"><img loading=\"lazy\" decoding=\"async\" width=\"2560\" height=\"1920\" src=\"https:\/\/lindlisauna.ch\/wp-content\/uploads\/2026\/04\/Baenkeabschleifen_Lindlisauna-scaled.jpg\" alt=\"\" class=\"wp-image-210\" srcset=\"https:\/\/lindlisauna.ch\/wp-content\/uploads\/2026\/04\/Baenkeabschleifen_Lindlisauna-scaled.jpg 2560w, https:\/\/lindlisauna.ch\/wp-content\/uploads\/2026\/04\/Baenkeabschleifen_Lindlisauna-300x225.jpg 300w\" sizes=\"auto, (max-width: 706px) 89vw, (max-width: 767px) 82vw, 740px\" \/><figcaption class=\"wp-element-caption\">Vereinsmitglieder bei den Aufbauarbeiten f\u00fcr die Lindlisauna auf dem Gaswerkareal<\/figcaption><\/figure>\n\n\n\n<figure class=\"wp-block-embed is-type-video is-provider-youtube wp-block-embed-youtube wp-embed-aspect-16-9 wp-has-aspect-ratio\"><div class=\"wp-block-embed__wrapper\">\n<iframe loading=\"lazy\" title=\"Lindlisauna Aufbau Video\" width=\"525\" height=\"295\" src=\"https:\/\/www.youtube.com\/embed\/QhCyWITr27E?feature=oembed\" frameborder=\"0\" allow=\"accelerometer; autoplay; clipboard-write; encrypted-media; gyroscope; picture-in-picture; web-share\" referrerpolicy=\"strict-origin-when-cross-origin\" allowfullscreen><\/iframe>\n<\/div><figcaption class=\"wp-element-caption\">Hier entsteht Grossartiges: Der Aufbau der Lindlisauna durch unsere Vereinsmitglieder!<\/figcaption><\/figure>\n\n\n\n<h2 class=\"wp-block-heading\">Vorstand des Lindlisauna-Vereins<\/h2>\n\n\n\n<p>Der Vorstand setzt sich wie folgt zusammen:<\/p>\n\n\n\n<p><strong>Beat Faeh<\/strong>, Vereinspr\u00e4sident<br><a href=\"mailto:beat@lindlisauna.ch\" data-type=\"mailto\" data-id=\"mailto:beat@lindlisauna.ch\">beat@lindlisauna.ch <\/a><\/p>\n\n\n\n<p><strong>Manuel Gruber<\/strong>, Aktuar<br><a href=\"mailto:manuel@lindlisauna.ch\" data-type=\"mailto\" data-id=\"mailto:manuel@lindlisauna.ch\">manuel@lindlisauna.ch <\/a><\/p>\n\n\n\n<p><strong>Michael Mundt<\/strong>, Kassier<br><a href=\"mailto:michael@lindlisauna.ch\">michael@lindlisauna.ch<\/a><\/p>\n\n\n\n<h2 class=\"wp-block-heading\">Mutterverein Rhysauna<\/h2>\n\n\n\n<p>Im Herbst 2018 er\u00f6ffnete der erste \u00f6ffentliche Saunabetrieb in der Rhybadi. Damals wurde die Wintersauna durch die Sommerp\u00e4chterin des Kastenbades, die \u00abRhybadi GmbH\u00bb betrieben. Pro Tag besuchten nur durchschnittlich 7 G\u00e4ste die Rhybadi-Sauna, wie sie damals noch hiess.<\/p>\n\n\n\n<p>Als sich abzeichnete, dass die Rhybadi GmbH kein Interesse hat, den Saunabetrieb eine zweite Saison zu betreiben, bildete sich aus den Stammg\u00e4sten ein Verein: Am 7. M\u00e4rz 2019 wurde der \u00ab<a href=\"https:\/\/rhysauna.ch\" data-type=\"link\" data-id=\"https:\/\/rhysauna.ch\" target=\"_blank\" rel=\"noreferrer noopener\">RhySauna Verein Schaffhuuse<\/a>\u00bb gegr\u00fcndet, und zwar mit dem Ziel, die Sauna in der Rhybadi weiterzubetreiben. <\/p>\n\n\n\n<p>Der Rhysauna-Verein f\u00fchrte die Sauna mit viel Leidenschaft und ehrenamtlicher T\u00e4tigkeit zum Erfolg. Heute z\u00e4hlt der Verein mehr als 300 Mitglieder. Dank dem hohen Engagement der Vereinsmitglieder konnten die Besucherzahlen deutlich gesteigert werden. In der letzten Wintersaison (Oktober 2025 bis M\u00e4rz 2026) z\u00e4hlte die RhySauna \u00fcber 10&#8217;000 Besucher! Mit mehr als 70 durchschnittlichen Eintritten pro Tag war die RhySauna an den meisten Tagen vollst\u00e4ndig ausgelastet. Der Andrang war trotz vorg\u00e4ngiger Erweiterung der Infrastruktur so gross, dass leider auch immer wieder G\u00e4ste abgewiesen werden mussten.<\/p>\n\n\n\n<figure class=\"wp-block-image size-large\"><img loading=\"lazy\" decoding=\"async\" width=\"1024\" height=\"576\" src=\"https:\/\/lindlisauna.ch\/wp-content\/uploads\/2026\/04\/Bild_2__Rhysauna_Schaffhausen-1024x576.jpg\" alt=\"\" class=\"wp-image-247\" srcset=\"https:\/\/lindlisauna.ch\/wp-content\/uploads\/2026\/04\/Bild_2__Rhysauna_Schaffhausen-1024x576.jpg 1024w, https:\/\/lindlisauna.ch\/wp-content\/uploads\/2026\/04\/Bild_2__Rhysauna_Schaffhausen-300x169.jpg 300w, https:\/\/lindlisauna.ch\/wp-content\/uploads\/2026\/04\/Bild_2__Rhysauna_Schaffhausen-768x432.jpg 768w, https:\/\/lindlisauna.ch\/wp-content\/uploads\/2026\/04\/Bild_2__Rhysauna_Schaffhausen-1536x864.jpg 1536w, https:\/\/lindlisauna.ch\/wp-content\/uploads\/2026\/04\/Bild_2__Rhysauna_Schaffhausen.jpg 1800w\" sizes=\"auto, (max-width: 706px) 89vw, (max-width: 767px) 82vw, 740px\" \/><figcaption class=\"wp-element-caption\">Die Rhysauna im \u00e4ltesten Kastenbad der Schweiz, der Rhybadi<\/figcaption><\/figure>\n\n\n\n<p>Pro Wintersaison leisten rund 50 freiwillige Betriebshelfer ca. 2&#8217;000 Stunden ehrenamt-liche Arbeit. Hinzu kommen rund 800 Stunden Freiwilligenarbeit f\u00fcr den Auf- und Abbau. Unterst\u00fctzt werden die Betriebshelfer mit zwei Personen von \u00abmitschaffe.ch\u00bb.<br>Seit 2019 hat der Verein selbst erwirtschaftete Mittel von \u00fcber 160&#8217;000 Franken in die Infrastruktur der RhySauna investiert.<\/p>\n\n\n\n<p>Die Infrastruktur der Rhysauna blieb im Sommerhalbjahr bisher unbenutzt und wurde eingelagert. Neu wird ein Teil der Infrastruktur im Sommerhalbjahr in der Lindlisauna eingesetzt.<\/p>\n\n\n\n<h2 class=\"wp-block-heading\">Saunamarathon<\/h2>\n\n\n\n<p>Es gibt noch einen dritten Saunaverein in Schaffhausen: 2023 reiste eine Delegation des Rhysauna-Vereins in die Winterhauptstadt Estlands, nach Otep\u00e4\u00e4, um dort am Europ\u00e4ischen Saunamarathon teilzunehmen. Die Begeisterung war so gross, dass das Team kurzerhand beschloss, auch in Schaffhausen einen Saunamarathon zu organisieren. <\/p>\n\n\n\n<figure class=\"wp-block-image size-large\"><img loading=\"lazy\" decoding=\"async\" width=\"1024\" height=\"683\" src=\"https:\/\/lindlisauna.ch\/wp-content\/uploads\/2026\/04\/SM25_Startbild-1024x683.jpg\" alt=\"\" class=\"wp-image-248\" srcset=\"https:\/\/lindlisauna.ch\/wp-content\/uploads\/2026\/04\/SM25_Startbild-1024x683.jpg 1024w, https:\/\/lindlisauna.ch\/wp-content\/uploads\/2026\/04\/SM25_Startbild-300x200.jpg 300w, https:\/\/lindlisauna.ch\/wp-content\/uploads\/2026\/04\/SM25_Startbild-768x512.jpg 768w, https:\/\/lindlisauna.ch\/wp-content\/uploads\/2026\/04\/SM25_Startbild-1536x1024.jpg 1536w, https:\/\/lindlisauna.ch\/wp-content\/uploads\/2026\/04\/SM25_Startbild-2048x1366.jpg 2048w\" sizes=\"auto, (max-width: 706px) 89vw, (max-width: 767px) 82vw, 740px\" \/><figcaption class=\"wp-element-caption\">Saunamarathon Schaffhausen: Saunieren mit Freunden &#8211; mitten in der Schaffhauser Altstadt!<\/figcaption><\/figure>\n\n\n\n<p>Seither fand der <a href=\"https:\/\/saunamarathon.ch\" data-type=\"link\" data-id=\"https:\/\/saunamarathon.ch\">Schaffhauser Saunamarathon<\/a> bereits dreimal statt. Zuletzt im Februar 2026 mit rund 2&#8217;000 Saunaenthusiasten aus aller Welt. <\/p>\n\n\n\n<p><\/p>\n","protected":false},"excerpt":{"rendered":"<p>Verein Lindlisauna Der \u00abLindlisauna-Verein\u00bb wurde im Hinblick auf die Bewerbung f\u00fcr die Zwischennutzung auf dem Gaswerkareal am 8. Juli 2025 gegr\u00fcndet. Er hat den Sitz in Schaffhausen. Heute z\u00e4hlt der Verein bereits \u00fcber 50 Mitglieder. Der Lindlisauna-Verein hat mit der Stadt den Mietvertrag unterzeichnet und ein Baugesuch erarbeitet. Die Baubewilligung wurde Ende Februar 2026 rechtsg\u00fcltig &hellip; <\/p>\n<p class=\"link-more\"><a href=\"https:\/\/lindlisauna.ch\/index.php\/verein\/\" class=\"more-link\"><span class=\"screen-reader-text\">\u201eSaunaverein\u201c <\/span>weiterlesen<\/a><\/p>\n","protected":false},"author":1,"featured_media":0,"parent":0,"menu_order":0,"comment_status":"closed","ping_status":"closed","template":"","meta":{"footnotes":""},"class_list":["post-53","page","type-page","status-publish","hentry"],"_links":{"self":[{"href":"https:\/\/lindlisauna.ch\/index.php\/wp-json\/wp\/v2\/pages\/53","targetHints":{"allow":["GET"]}}],"collection":[{"href":"https:\/\/lindlisauna.ch\/index.php\/wp-json\/wp\/v2\/pages"}],"about":[{"href":"https:\/\/lindlisauna.ch\/index.php\/wp-json\/wp\/v2\/types\/page"}],"author":[{"embeddable":true,"href":"https:\/\/lindlisauna.ch\/index.php\/wp-json\/wp\/v2\/users\/1"}],"replies":[{"embeddable":true,"href":"https:\/\/lindlisauna.ch\/index.php\/wp-json\/wp\/v2\/comments?post=53"}],"version-history":[{"count":9,"href":"https:\/\/lindlisauna.ch\/index.php\/wp-json\/wp\/v2\/pages\/53\/revisions"}],"predecessor-version":[{"id":282,"href":"https:\/\/lindlisauna.ch\/index.php\/wp-json\/wp\/v2\/pages\/53\/revisions\/282"}],"wp:attachment":[{"href":"https:\/\/lindlisauna.ch\/index.php\/wp-json\/wp\/v2\/media?parent=53"}],"curies":[{"name":"wp","href":"https:\/\/api.w.org\/{rel}","templated":true}]}}