{"id":64,"date":"2026-04-07T21:13:18","date_gmt":"2026-04-07T21:13:18","guid":{"rendered":"https:\/\/lindlisauna.ch\/wordpress\/?page_id=64"},"modified":"2026-04-08T23:12:10","modified_gmt":"2026-04-08T23:12:10","slug":"gastronomie","status":"publish","type":"page","link":"https:\/\/lindlisauna.ch\/index.php\/gastronomie\/","title":{"rendered":"Essen und Getr\u00e4nke"},"content":{"rendered":"\n<p>Nach dem Vorbild der Rhysauna soll die Lindlisauna auch eine gem\u00fctliche Beiz sein. Bei uns gibt es frisch gezapftes Bier, Erfrischungsgetr\u00e4nke aber auch ein feines Glas Schaffhauser Wein. <\/p>\n\n\n\n<p>Richtig zur Sommerzeit bieten wir auch Ap\u00e9ro Spritz an und frische, selbstgemachte Glac\u00e9 von unserem Mitglied Kevin Fivaz.<\/p>\n\n\n\n<p>Wer Hunger hat, kann sich eine Wurst von Stefan Peter selbst grilieren.<\/p>\n\n\n\n<figure class=\"wp-block-image size-full\"><img loading=\"lazy\" decoding=\"async\" width=\"1920\" height=\"2560\" src=\"https:\/\/lindlisauna.ch\/wp-content\/uploads\/2026\/04\/Metzger_Peter-scaled.jpg\" alt=\"\" class=\"wp-image-155\" srcset=\"https:\/\/lindlisauna.ch\/wp-content\/uploads\/2026\/04\/Metzger_Peter-scaled.jpg 1920w, https:\/\/lindlisauna.ch\/wp-content\/uploads\/2026\/04\/Metzger_Peter-225x300.jpg 225w\" sizes=\"auto, (max-width: 706px) 89vw, (max-width: 767px) 82vw, 740px\" \/><figcaption class=\"wp-element-caption\">Einfach fein und w\u00fcrzig: Die Saunaw\u00fcrste von Stefan Peter (Peter Metzg, Schaffhausen)<\/figcaption><\/figure>\n","protected":false},"excerpt":{"rendered":"<p>Nach dem Vorbild der Rhysauna soll die Lindlisauna auch eine gem\u00fctliche Beiz sein. Bei uns gibt es frisch gezapftes Bier, Erfrischungsgetr\u00e4nke aber auch ein feines Glas Schaffhauser Wein. Richtig zur Sommerzeit bieten wir auch Ap\u00e9ro Spritz an und frische, selbstgemachte Glac\u00e9 von unserem Mitglied Kevin Fivaz. Wer Hunger hat, kann sich eine Wurst von Stefan &hellip; <\/p>\n<p class=\"link-more\"><a href=\"https:\/\/lindlisauna.ch\/index.php\/gastronomie\/\" class=\"more-link\"><span class=\"screen-reader-text\">\u201eEssen und Getr\u00e4nke\u201c <\/span>weiterlesen<\/a><\/p>\n","protected":false},"author":1,"featured_media":0,"parent":0,"menu_order":0,"comment_status":"closed","ping_status":"closed","template":"","meta":{"footnotes":""},"class_list":["post-64","page","type-page","status-publish","hentry"],"_links":{"self":[{"href":"https:\/\/lindlisauna.ch\/index.php\/wp-json\/wp\/v2\/pages\/64","targetHints":{"allow":["GET"]}}],"collection":[{"href":"https:\/\/lindlisauna.ch\/index.php\/wp-json\/wp\/v2\/pages"}],"about":[{"href":"https:\/\/lindlisauna.ch\/index.php\/wp-json\/wp\/v2\/types\/page"}],"author":[{"embeddable":true,"href":"https:\/\/lindlisauna.ch\/index.php\/wp-json\/wp\/v2\/users\/1"}],"replies":[{"embeddable":true,"href":"https:\/\/lindlisauna.ch\/index.php\/wp-json\/wp\/v2\/comments?post=64"}],"version-history":[{"count":4,"href":"https:\/\/lindlisauna.ch\/index.php\/wp-json\/wp\/v2\/pages\/64\/revisions"}],"predecessor-version":[{"id":160,"href":"https:\/\/lindlisauna.ch\/index.php\/wp-json\/wp\/v2\/pages\/64\/revisions\/160"}],"wp:attachment":[{"href":"https:\/\/lindlisauna.ch\/index.php\/wp-json\/wp\/v2\/media?parent=64"}],"curies":[{"name":"wp","href":"https:\/\/api.w.org\/{rel}","templated":true}]}}