{"id":71,"date":"2026-04-07T21:14:51","date_gmt":"2026-04-07T21:14:51","guid":{"rendered":"https:\/\/lindlisauna.ch\/wordpress\/?page_id=71"},"modified":"2026-04-09T23:39:46","modified_gmt":"2026-04-09T23:39:46","slug":"praktisches","status":"publish","type":"page","link":"https:\/\/lindlisauna.ch\/index.php\/praktisches\/","title":{"rendered":"Praktisches"},"content":{"rendered":"\n<h2 class=\"wp-block-heading\">Eintrittspreise<\/h2>\n\n\n\n<p>Auf dieser Seite erf\u00e4hrst Du, was ein Einzeleintritt oder ein Abonnement kostet.<\/p>\n\n\n\n<div class=\"wp-block-buttons is-layout-flex wp-block-buttons-is-layout-flex\">\n<div class=\"wp-block-button is-style-outline is-style-outline--1\"><a class=\"wp-block-button__link wp-element-button\" href=\"https:\/\/lindlisauna.ch\/index.php\/eintrittspreise\/\" style=\"border-top-left-radius:15px;border-top-right-radius:15px;border-bottom-left-radius:15px;border-bottom-right-radius:15px\">Eintrittspreise<\/a><\/div>\n<\/div>\n\n\n\n<h2 class=\"wp-block-heading\">\u00d6ffnungszeiten<\/h2>\n\n\n\n<p>Wir haben ab dem 30. April 2026 von Mittwoch bis Sonntag ge\u00f6ffnet.<\/p>\n\n\n\n<div class=\"wp-block-buttons is-layout-flex wp-block-buttons-is-layout-flex\">\n<div class=\"wp-block-button is-style-outline is-style-outline--2\"><a class=\"wp-block-button__link wp-element-button\" href=\"https:\/\/lindlisauna.ch\/index.php\/oeffnungszeiten\/\" style=\"border-top-left-radius:15px;border-top-right-radius:15px;border-bottom-left-radius:15px;border-bottom-right-radius:15px\">\u00d6ffnungszeiten<\/a><\/div>\n<\/div>\n\n\n\n<h2 class=\"wp-block-heading\">Anreise<\/h2>\n\n\n\n<p>Die Lindlisauna befindet sich an der Schaffhauser Rheinuferpromenade Lindli, Adresse: Rheinhaldenstrasse 16, CH-8200 Schaffhausen.<\/p>\n\n\n\n<div class=\"wp-block-buttons is-layout-flex wp-block-buttons-is-layout-flex\">\n<div class=\"wp-block-button is-style-outline is-style-outline--3\"><a class=\"wp-block-button__link wp-element-button\" href=\"https:\/\/lindlisauna.ch\/index.php\/anreise\/\" style=\"border-top-left-radius:15px;border-top-right-radius:15px;border-bottom-left-radius:15px;border-bottom-right-radius:15px\">So findest Du uns<\/a><\/div>\n<\/div>\n\n\n\n<h2 class=\"wp-block-heading\">So geht Saunieren<\/h2>\n\n\n\n<p>Saunieren ganz unkompliziert: In der Lindlisauna zelebrieren wir eine v\u00f6llig unkomplizierte Saunakultur nach finnischem Vorbild. Gespr\u00e4che sind m\u00f6glich und man\/frau kann auch das Bier in die Sauna mitnehmen.<\/p>\n\n\n\n<div class=\"wp-block-buttons is-layout-flex wp-block-buttons-is-layout-flex\">\n<div class=\"wp-block-button is-style-outline is-style-outline--4\"><a class=\"wp-block-button__link wp-element-button\" href=\"https:\/\/lindlisauna.ch\/index.php\/so-geht-saunieren-bei-uns\/\" style=\"border-top-left-radius:15px;border-top-right-radius:15px;border-bottom-left-radius:15px;border-bottom-right-radius:15px\">So geht Saunieren (bei uns)<\/a><\/div>\n<\/div>\n","protected":false},"excerpt":{"rendered":"<p>Eintrittspreise Auf dieser Seite erf\u00e4hrst Du, was ein Einzeleintritt oder ein Abonnement kostet. \u00d6ffnungszeiten Wir haben ab dem 30. April 2026 von Mittwoch bis Sonntag ge\u00f6ffnet. Anreise Die Lindlisauna befindet sich an der Schaffhauser Rheinuferpromenade Lindli, Adresse: Rheinhaldenstrasse 16, CH-8200 Schaffhausen. So geht Saunieren Saunieren ganz unkompliziert: In der Lindlisauna zelebrieren wir eine v\u00f6llig unkomplizierte &hellip; <\/p>\n<p class=\"link-more\"><a href=\"https:\/\/lindlisauna.ch\/index.php\/praktisches\/\" class=\"more-link\"><span class=\"screen-reader-text\">\u201ePraktisches\u201c <\/span>weiterlesen<\/a><\/p>\n","protected":false},"author":1,"featured_media":0,"parent":0,"menu_order":0,"comment_status":"closed","ping_status":"closed","template":"","meta":{"footnotes":""},"class_list":["post-71","page","type-page","status-publish","hentry"],"_links":{"self":[{"href":"https:\/\/lindlisauna.ch\/index.php\/wp-json\/wp\/v2\/pages\/71","targetHints":{"allow":["GET"]}}],"collection":[{"href":"https:\/\/lindlisauna.ch\/index.php\/wp-json\/wp\/v2\/pages"}],"about":[{"href":"https:\/\/lindlisauna.ch\/index.php\/wp-json\/wp\/v2\/types\/page"}],"author":[{"embeddable":true,"href":"https:\/\/lindlisauna.ch\/index.php\/wp-json\/wp\/v2\/users\/1"}],"replies":[{"embeddable":true,"href":"https:\/\/lindlisauna.ch\/index.php\/wp-json\/wp\/v2\/comments?post=71"}],"version-history":[{"count":3,"href":"https:\/\/lindlisauna.ch\/index.php\/wp-json\/wp\/v2\/pages\/71\/revisions"}],"predecessor-version":[{"id":266,"href":"https:\/\/lindlisauna.ch\/index.php\/wp-json\/wp\/v2\/pages\/71\/revisions\/266"}],"wp:attachment":[{"href":"https:\/\/lindlisauna.ch\/index.php\/wp-json\/wp\/v2\/media?parent=71"}],"curies":[{"name":"wp","href":"https:\/\/api.w.org\/{rel}","templated":true}]}}